{"id":4198,"date":"2021-05-27T15:57:19","date_gmt":"2021-05-27T13:57:19","guid":{"rendered":"https:\/\/www.leipziger-kleinmesse.net\/inhalt\/?page_id=4198"},"modified":"2026-01-06T06:47:06","modified_gmt":"2026-01-06T05:47:06","slug":"impressum","status":"publish","type":"page","link":"https:\/\/www.leipziger-kleinmesse.net\/inhalt\/impressum\/","title":{"rendered":"IMPRESSUM"},"content":{"rendered":"<div id='av_section_1'  class='avia-section av-kppgg7ml-4399eb18c9d03cb484b77f6d86e63d93 footer_color avia-section-large avia-no-border-styling  avia-builder-el-0  el_before_av_section  avia-builder-el-first  avia-bg-style-scroll container_wrap fullsize'  ><div class='container av-section-cont-open' ><main  role=\"main\" itemprop=\"mainContentOfPage\"  class='template-page content  av-content-full alpha units'><div class='post-entry post-entry-type-page post-entry-4198'><div class='entry-content-wrapper clearfix'>\n\n<style type=\"text\/css\" data-created_by=\"avia_inline_auto\" id=\"style-css-av-2x6b5w-90f9d301f8f3bf3595020660dfe0ec83\">\n.flex_column.av-2x6b5w-90f9d301f8f3bf3595020660dfe0ec83{\nborder-radius:0px 0px 0px 0px;\npadding:0px 0px 0px 0px;\n}\n<\/style>\n<div  class='flex_column av-2x6b5w-90f9d301f8f3bf3595020660dfe0ec83 av_one_full  avia-builder-el-1  avia-builder-el-no-sibling  first flex_column_div av-zero-column-padding  '     ><section  class='av_textblock_section av-kppej71r-92d9e88a49bc6186fe48c76274e73ff2 '   itemscope=\"itemscope\" itemtype=\"https:\/\/schema.org\/CreativeWork\" ><div class='avia_textblock'  itemprop=\"text\" ><h1 style=\"text-align: center;\">Impressum<\/h1>\n<\/div><\/section><\/div>\n\n<\/div><\/div><\/main><!-- close content main element --><\/div><\/div>\n<style type=\"text\/css\" data-created_by=\"avia_inline_auto\" id=\"style-css-av-kppehriv-c23f89486b5d66d95f7b8d7bd58356dc\">\n.avia-section.av-kppehriv-c23f89486b5d66d95f7b8d7bd58356dc{\nbackground-color:#f2f2f2;\nbackground-image:unset;\n}\n<\/style>\n<div id='av_section_2'  class='avia-section av-kppehriv-c23f89486b5d66d95f7b8d7bd58356dc main_color avia-section-huge avia-no-border-styling  avia-builder-el-3  el_after_av_section  avia-builder-el-last  avia-bg-style-scroll container_wrap fullsize'  ><div class='container av-section-cont-open' ><div class='template-page content  av-content-full alpha units'><div class='post-entry post-entry-type-page post-entry-4198'><div class='entry-content-wrapper clearfix'>\n\n<style type=\"text\/css\" data-created_by=\"avia_inline_auto\" id=\"style-css-av-3y2z1i-e9a1d8e9eca56f01672049b5bc528144\">\n.flex_column.av-3y2z1i-e9a1d8e9eca56f01672049b5bc528144{\nborder-radius:0px 0px 0px 0px;\npadding:0px 0px 0px 0px;\n}\n<\/style>\n<div  class='flex_column av-3y2z1i-e9a1d8e9eca56f01672049b5bc528144 av_one_half  avia-builder-el-4  el_before_av_one_half  avia-builder-el-first  first flex_column_div av-zero-column-padding  '     ><section  class='av_textblock_section av-kpphog4b-808afbacc9da75c77ec0144d3e4aae63 '   itemscope=\"itemscope\" itemtype=\"https:\/\/schema.org\/CreativeWork\" ><div class='avia_textblock'  itemprop=\"text\" ><h3>Anbieterkennzeichnung \/ Rechtliche Hinweise<\/h3>\n<p><strong>Herausgeber:<br \/>\n<\/strong>Leipziger Schaustellerverein e.V.<br \/>\nHerr J\u00fcrgen Seiferth<br \/>\nCottaweg 5 \/ Am Kleinmesseplatz<br \/>\n04177 Leipzig<br \/>\n<a href=\"mailto:schaustellerleipzig@gmail.com\"><strong>E-Mail-Anfrage an den Schaustellerverein<\/strong><\/a><\/p>\n<p>Umsatzsteuer-Nummer: DE 153 566 659<br \/>\nSteuernummer: 232 \/ 140 \/ 02612<br \/>\nRegistergericht: Amtsgericht Leipzig<br \/>\nZust\u00e4ndiges Finanzamt: Leipzig-Mitte<\/p>\n<p><strong>Inhaltlich verantwortlich:<br \/>\n<\/strong>Leipziger Schaustellerverein e.V.<br \/>\nMario Seiferth<br \/>\nCottaweg 5 \/ Am Kleinmesseplatz<br \/>\n04177 Leipzig<\/p>\n<h3><\/h3>\n<hr \/>\n<h3>Bildnachweis<\/h3>\n<p>Schausteller-Fotos:\u00a0www.ride-index.de<br \/>\nzwei M\u00e4dchen, Fotolia,\u00a026401843, Claudia Paulussen<br \/>\nKinder auf Karusell, Fotolia, 41087122,\u00a0Brocreative<br \/>\nFamilie, Fotolia, 57539842,\u00a0drubig-photo<br \/>\nKind in Auto, Fotolia, 67326941,\u00a0chrisberic<br \/>\nBilder zum Teil in &#8222;Geschichte&#8220;: \u00a9 <a href=\"http:\/\/fotothek-mai.de\/\" target=\"_blank\" rel=\"noopener noreferrer\">fotothek-mai.de<\/a> | Karl Heinz Mai<\/p>\n<\/div><\/section><br \/>\n<section  class='av_textblock_section av-lnykk2pl-b7e9e3fd0c296d734ce0eaadcfa10fa7 '   itemscope=\"itemscope\" itemtype=\"https:\/\/schema.org\/CreativeWork\" ><div class='avia_textblock'  itemprop=\"text\" ><hr \/>\n<h4>Gestaltung der Homepage<\/h4>\n<p>Designplanung Reiprich<br \/>\nAltenburger Str. 13<br \/>\n04275 Leipzig<br \/>\nHomepage: <a href=\"http:\/\/www.designplanung.com\" target=\"_blank\" rel=\"noopener\">www.designplanung.com<\/a><br \/>\nProjekte: <a href=\"https:\/\/miximo.de\/\" target=\"_blank\" rel=\"noopener\">Cocktailbars<\/a> | <a href=\"https:\/\/hochzeitsauto-leipzig.com\/\" target=\"_blank\" rel=\"noopener\">Hochzeitsoldtimer<\/a> | <a href=\"https:\/\/glitzerbus.de\" target=\"_blank\" rel=\"noopener\">Fotobus<\/a> | <a href=\"https:\/\/tourbahn.de\/\" target=\"_blank\" rel=\"noopener\">Autorennbahnen<\/a> | <a href=\"https:\/\/tourbahn.de\/rennsimulator-fahrsimulator-mieten\" target=\"_blank\" rel=\"noopener\">Rennsimulatoren<\/a><\/p>\n<\/div><\/section><\/p><\/div>\n<style type=\"text\/css\" data-created_by=\"avia_inline_auto\" id=\"style-css-av-2y1tie-68040ed03f043e557739922a44f3c040\">\n.flex_column.av-2y1tie-68040ed03f043e557739922a44f3c040{\nborder-radius:0px 0px 0px 0px;\npadding:0px 0px 0px 0px;\n}\n<\/style>\n<div  class='flex_column av-2y1tie-68040ed03f043e557739922a44f3c040 av_one_half  avia-builder-el-7  el_after_av_one_half  avia-builder-el-last  flex_column_div av-zero-column-padding  '     ><section  class='av_textblock_section av-kpphog4b-1-4dba36ac0acc7f0b8f0aae7069bcf739 '   itemscope=\"itemscope\" itemtype=\"https:\/\/schema.org\/CreativeWork\" ><div class='avia_textblock'  itemprop=\"text\" ><h3><\/h3>\n<h3>Unser Haftungsausschluss<\/h3>\n<p><strong>Haftung f\u00fcr Inhalte:\u00a0<\/strong>Die Inhalte unserer Seiten wurden mit gr\u00f6\u00dfter Sorgfalt erstellt. F\u00fcr die Richtigkeit, Vollst\u00e4ndigkeit und Aktualit\u00e4t der Inhalte k\u00f6nnen wir jedoch keine Gew\u00e4hr \u00fcbernehmen. Als Diensteanbieter sind wir gem\u00e4\u00df \u00a7 6 Abs.1 MDStV und \u00a7 8 Abs.1 TDG f\u00fcr eigene Inhalte auf diesen Seiten nach den allgemeinen Gesetzen verantwortlich. Diensteanbieter sind jedoch nicht verpflichtet, die von ihnen \u00fcbermittelten oder gespeicherten fremden Informationen zu \u00fcberwachen oder nach Umst\u00e4nden zu forschen, die auf eine rechtswidrige T\u00e4tigkeit hinweisen. Verpflichtungen zur Entfernung oder Sperrung der Nutzung von Informationen nach den allgemeinen Gesetzen bleiben hiervon unber\u00fchrt. Eine diesbez\u00fcgliche Haftung ist jedoch erst ab dem Zeitpunkt der Kenntnis einer konkreten Rechtsverletzung m\u00f6glich. Bei bekannt werden von entsprechenden Rechtsverletzungen werden wir diese Inhalte umgehend entfernen.<\/p>\n<p><strong>Haftung f\u00fcr Links:\u00a0<\/strong>Unser Angebot enth\u00e4lt Links zu externen Webseiten Dritter, auf deren Inhalte wir keinen Einfluss haben. Deshalb k\u00f6nnen wir f\u00fcr diese fremden Inhalte auch keine Gew\u00e4hr \u00fcbernehmen. F\u00fcr die Inhalte der verlinkten Seiten ist stets der jeweilige Anbieter oder Betreiber der Seiten verantwortlich. Die verlinkten Seiten wurden zum Zeitpunkt der Verlinkung auf m\u00f6gliche Rechtsverst\u00f6\u00dfe \u00fcberpr\u00fcft. Rechtswidrige Inhalte waren zum Zeitpunkt der Verlinkung nicht erkennbar. Eine permanente inhaltliche Kontrolle der verlinkten Seiten ist jedoch ohne konkrete Anhaltspunkte einer Rechtsverletzung nicht zumutbar. Bei bekannt werden von Rechtsverletzungen werden wir derartige Links umgehend entfernen.<\/p>\n<p><strong>Urheberrecht:\u00a0<\/strong>Die Betreiber der Seiten sind bem\u00fcht, stets die Urheberrechte anderer zu beachten bzw. auf selbst erstellte sowie lizenzfreie Werke zur\u00fcckzugreifen. Die durch die Seitenbetreiber erstellten Inhalte und Werke auf diesen Seiten unterliegen dem deutschen Urheberrecht. Beitr\u00e4ge Dritter sind als solche gekennzeichnet. Die Vervielf\u00e4ltigung, Bearbeitung, Verbreitung und jede Art der Verwertung au\u00dferhalb der Grenzen des Urheberrechtes bed\u00fcrfen der schriftlichen Zustimmung des jeweiligen Autors bzw. Erstellers. Downloads und Kopien dieser Seite sind nur f\u00fcr den privaten, nicht kommerziellen Gebrauch gestattet.<\/p>\n<p><strong>Datenschutz:\u00a0<\/strong>Soweit auf unseren Seiten personenbezogene Daten (beispielsweise Name, Anschrift oder eMail-Adressen) erhoben werden, erfolgt dies soweit m\u00f6glich stets auf freiwilliger Basis. Die Nutzung der Angebote und Dienste ist, soweit m\u00f6glich, stets ohne Angabe personenbezogener Daten m\u00f6glich. Der Nutzung von im Rahmen der Impressumspflicht ver\u00f6ffentlichten Kontaktdaten durch Dritte zur \u00dcbersendung von nicht ausdr\u00fccklich angeforderter Werbung und Informationsmaterialien wird hiermit ausdr\u00fccklich widersprochen. Die Betreiber der Seiten behalten sich ausdr\u00fccklich rechtliche Schritte im Falle der unverlangten Zusendung von Werbeinformationen, etwa durch Spam-Mails, vor.<\/p>\n<\/div><\/section><\/div>\n","protected":false},"excerpt":{"rendered":"","protected":false},"author":1,"featured_media":0,"parent":0,"menu_order":0,"comment_status":"closed","ping_status":"closed","template":"","meta":{"footnotes":""},"class_list":["post-4198","page","type-page","status-publish","hentry"],"yoast_head":"<!-- This site is optimized with the Yoast SEO plugin v27.5 - https:\/\/yoast.com\/product\/yoast-seo-wordpress\/ -->\n<title>IMPRESSUM - Kleinmesse Leipzig - Leipziger Schaustellerverein<\/title>\n<meta name=\"robots\" content=\"index, follow, max-snippet:-1, max-image-preview:large, max-video-preview:-1\" \/>\n<link rel=\"canonical\" href=\"https:\/\/www.leipziger-kleinmesse.net\/inhalt\/impressum\/\" \/>\n<meta property=\"og:locale\" content=\"de_DE\" \/>\n<meta property=\"og:type\" content=\"article\" \/>\n<meta property=\"og:title\" content=\"IMPRESSUM - Kleinmesse Leipzig - Leipziger Schaustellerverein\" \/>\n<meta property=\"og:url\" content=\"https:\/\/www.leipziger-kleinmesse.net\/inhalt\/impressum\/\" \/>\n<meta property=\"og:site_name\" content=\"Kleinmesse Leipzig - Leipziger Schaustellerverein\" \/>\n<meta property=\"article:publisher\" content=\"https:\/\/m.facebook.com\/LeipzigerKleinmesseAmCottawegKleinmesseplatz\" \/>\n<meta property=\"article:modified_time\" content=\"2026-01-06T05:47:06+00:00\" \/>\n<meta name=\"twitter:card\" content=\"summary_large_image\" \/>\n<meta name=\"twitter:label1\" content=\"Gesch\u00e4tzte Lesezeit\" \/>\n\t<meta name=\"twitter:data1\" content=\"3\u00a0Minuten\" \/>\n<script type=\"application\/ld+json\" class=\"yoast-schema-graph\">{\"@context\":\"https:\\\/\\\/schema.org\",\"@graph\":[{\"@type\":\"WebPage\",\"@id\":\"https:\\\/\\\/www.leipziger-kleinmesse.net\\\/inhalt\\\/impressum\\\/\",\"url\":\"https:\\\/\\\/www.leipziger-kleinmesse.net\\\/inhalt\\\/impressum\\\/\",\"name\":\"IMPRESSUM - Kleinmesse Leipzig - Leipziger Schaustellerverein\",\"isPartOf\":{\"@id\":\"https:\\\/\\\/www.leipziger-kleinmesse.net\\\/inhalt\\\/#website\"},\"datePublished\":\"2021-05-27T13:57:19+00:00\",\"dateModified\":\"2026-01-06T05:47:06+00:00\",\"breadcrumb\":{\"@id\":\"https:\\\/\\\/www.leipziger-kleinmesse.net\\\/inhalt\\\/impressum\\\/#breadcrumb\"},\"inLanguage\":\"de\",\"potentialAction\":[{\"@type\":\"ReadAction\",\"target\":[\"https:\\\/\\\/www.leipziger-kleinmesse.net\\\/inhalt\\\/impressum\\\/\"]}]},{\"@type\":\"BreadcrumbList\",\"@id\":\"https:\\\/\\\/www.leipziger-kleinmesse.net\\\/inhalt\\\/impressum\\\/#breadcrumb\",\"itemListElement\":[{\"@type\":\"ListItem\",\"position\":1,\"name\":\"Startseite\",\"item\":\"https:\\\/\\\/www.leipziger-kleinmesse.net\\\/inhalt\\\/home\\\/\"},{\"@type\":\"ListItem\",\"position\":2,\"name\":\"IMPRESSUM\"}]},{\"@type\":\"WebSite\",\"@id\":\"https:\\\/\\\/www.leipziger-kleinmesse.net\\\/inhalt\\\/#website\",\"url\":\"https:\\\/\\\/www.leipziger-kleinmesse.net\\\/inhalt\\\/\",\"name\":\"Kleinmesse Leipzig G\u00e4stebuch\",\"description\":\"Freizeitspa\u00df am Cottaweg\",\"publisher\":{\"@id\":\"https:\\\/\\\/www.leipziger-kleinmesse.net\\\/inhalt\\\/#organization\"},\"potentialAction\":[{\"@type\":\"SearchAction\",\"target\":{\"@type\":\"EntryPoint\",\"urlTemplate\":\"https:\\\/\\\/www.leipziger-kleinmesse.net\\\/inhalt\\\/?s={search_term_string}\"},\"query-input\":{\"@type\":\"PropertyValueSpecification\",\"valueRequired\":true,\"valueName\":\"search_term_string\"}}],\"inLanguage\":\"de\"},{\"@type\":\"Organization\",\"@id\":\"https:\\\/\\\/www.leipziger-kleinmesse.net\\\/inhalt\\\/#organization\",\"name\":\"Leipziger Kleinmesse\",\"url\":\"https:\\\/\\\/www.leipziger-kleinmesse.net\\\/inhalt\\\/\",\"logo\":{\"@type\":\"ImageObject\",\"inLanguage\":\"de\",\"@id\":\"https:\\\/\\\/www.leipziger-kleinmesse.net\\\/inhalt\\\/#\\\/schema\\\/logo\\\/image\\\/\",\"url\":\"https:\\\/\\\/www.leipziger-kleinmesse.net\\\/inhalt\\\/wp-content\\\/uploads\\\/2019\\\/04\\\/Schausteller-Logo-3.png\",\"contentUrl\":\"https:\\\/\\\/www.leipziger-kleinmesse.net\\\/inhalt\\\/wp-content\\\/uploads\\\/2019\\\/04\\\/Schausteller-Logo-3.png\",\"width\":500,\"height\":534,\"caption\":\"Leipziger Kleinmesse\"},\"image\":{\"@id\":\"https:\\\/\\\/www.leipziger-kleinmesse.net\\\/inhalt\\\/#\\\/schema\\\/logo\\\/image\\\/\"},\"sameAs\":[\"https:\\\/\\\/m.facebook.com\\\/LeipzigerKleinmesseAmCottawegKleinmesseplatz\",\"https:\\\/\\\/www.instagram.com\\\/leipzigerschaustellerverein\\\/\"]}]}<\/script>\n<!-- \/ Yoast SEO plugin. -->","yoast_head_json":{"title":"IMPRESSUM - Kleinmesse Leipzig - Leipziger Schaustellerverein","robots":{"index":"index","follow":"follow","max-snippet":"max-snippet:-1","max-image-preview":"max-image-preview:large","max-video-preview":"max-video-preview:-1"},"canonical":"https:\/\/www.leipziger-kleinmesse.net\/inhalt\/impressum\/","og_locale":"de_DE","og_type":"article","og_title":"IMPRESSUM - Kleinmesse Leipzig - Leipziger Schaustellerverein","og_url":"https:\/\/www.leipziger-kleinmesse.net\/inhalt\/impressum\/","og_site_name":"Kleinmesse Leipzig - Leipziger Schaustellerverein","article_publisher":"https:\/\/m.facebook.com\/LeipzigerKleinmesseAmCottawegKleinmesseplatz","article_modified_time":"2026-01-06T05:47:06+00:00","twitter_card":"summary_large_image","twitter_misc":{"Gesch\u00e4tzte Lesezeit":"3\u00a0Minuten"},"schema":{"@context":"https:\/\/schema.org","@graph":[{"@type":"WebPage","@id":"https:\/\/www.leipziger-kleinmesse.net\/inhalt\/impressum\/","url":"https:\/\/www.leipziger-kleinmesse.net\/inhalt\/impressum\/","name":"IMPRESSUM - Kleinmesse Leipzig - Leipziger Schaustellerverein","isPartOf":{"@id":"https:\/\/www.leipziger-kleinmesse.net\/inhalt\/#website"},"datePublished":"2021-05-27T13:57:19+00:00","dateModified":"2026-01-06T05:47:06+00:00","breadcrumb":{"@id":"https:\/\/www.leipziger-kleinmesse.net\/inhalt\/impressum\/#breadcrumb"},"inLanguage":"de","potentialAction":[{"@type":"ReadAction","target":["https:\/\/www.leipziger-kleinmesse.net\/inhalt\/impressum\/"]}]},{"@type":"BreadcrumbList","@id":"https:\/\/www.leipziger-kleinmesse.net\/inhalt\/impressum\/#breadcrumb","itemListElement":[{"@type":"ListItem","position":1,"name":"Startseite","item":"https:\/\/www.leipziger-kleinmesse.net\/inhalt\/home\/"},{"@type":"ListItem","position":2,"name":"IMPRESSUM"}]},{"@type":"WebSite","@id":"https:\/\/www.leipziger-kleinmesse.net\/inhalt\/#website","url":"https:\/\/www.leipziger-kleinmesse.net\/inhalt\/","name":"Kleinmesse Leipzig G\u00e4stebuch","description":"Freizeitspa\u00df am Cottaweg","publisher":{"@id":"https:\/\/www.leipziger-kleinmesse.net\/inhalt\/#organization"},"potentialAction":[{"@type":"SearchAction","target":{"@type":"EntryPoint","urlTemplate":"https:\/\/www.leipziger-kleinmesse.net\/inhalt\/?s={search_term_string}"},"query-input":{"@type":"PropertyValueSpecification","valueRequired":true,"valueName":"search_term_string"}}],"inLanguage":"de"},{"@type":"Organization","@id":"https:\/\/www.leipziger-kleinmesse.net\/inhalt\/#organization","name":"Leipziger Kleinmesse","url":"https:\/\/www.leipziger-kleinmesse.net\/inhalt\/","logo":{"@type":"ImageObject","inLanguage":"de","@id":"https:\/\/www.leipziger-kleinmesse.net\/inhalt\/#\/schema\/logo\/image\/","url":"https:\/\/www.leipziger-kleinmesse.net\/inhalt\/wp-content\/uploads\/2019\/04\/Schausteller-Logo-3.png","contentUrl":"https:\/\/www.leipziger-kleinmesse.net\/inhalt\/wp-content\/uploads\/2019\/04\/Schausteller-Logo-3.png","width":500,"height":534,"caption":"Leipziger Kleinmesse"},"image":{"@id":"https:\/\/www.leipziger-kleinmesse.net\/inhalt\/#\/schema\/logo\/image\/"},"sameAs":["https:\/\/m.facebook.com\/LeipzigerKleinmesseAmCottawegKleinmesseplatz","https:\/\/www.instagram.com\/leipzigerschaustellerverein\/"]}]}},"_links":{"self":[{"href":"https:\/\/www.leipziger-kleinmesse.net\/inhalt\/wp-json\/wp\/v2\/pages\/4198","targetHints":{"allow":["GET"]}}],"collection":[{"href":"https:\/\/www.leipziger-kleinmesse.net\/inhalt\/wp-json\/wp\/v2\/pages"}],"about":[{"href":"https:\/\/www.leipziger-kleinmesse.net\/inhalt\/wp-json\/wp\/v2\/types\/page"}],"author":[{"embeddable":true,"href":"https:\/\/www.leipziger-kleinmesse.net\/inhalt\/wp-json\/wp\/v2\/users\/1"}],"replies":[{"embeddable":true,"href":"https:\/\/www.leipziger-kleinmesse.net\/inhalt\/wp-json\/wp\/v2\/comments?post=4198"}],"version-history":[{"count":20,"href":"https:\/\/www.leipziger-kleinmesse.net\/inhalt\/wp-json\/wp\/v2\/pages\/4198\/revisions"}],"predecessor-version":[{"id":12693,"href":"https:\/\/www.leipziger-kleinmesse.net\/inhalt\/wp-json\/wp\/v2\/pages\/4198\/revisions\/12693"}],"wp:attachment":[{"href":"https:\/\/www.leipziger-kleinmesse.net\/inhalt\/wp-json\/wp\/v2\/media?parent=4198"}],"curies":[{"name":"wp","href":"https:\/\/api.w.org\/{rel}","templated":true}]}}